{"id":215,"date":"2024-05-30T22:11:26","date_gmt":"2024-05-30T20:11:26","guid":{"rendered":"https:\/\/emcvenezuela.com\/?post_type=product&#038;p=215"},"modified":"2024-06-05T22:57:55","modified_gmt":"2024-06-05T20:57:55","slug":"valvula-angular-serie-emcp","status":"publish","type":"product","link":"https:\/\/emcvenezuela.com\/index.php\/product\/valvula-angular-serie-emcp\/","title":{"rendered":"V\u00e1lvula Angular Serie EMCP"},"content":{"rendered":"<p>V\u00e1lvula Angular de Pist\u00f3n:<\/p>\n<ul>\n<li style=\"color: #f7ab00;\"><span style=\"color: #000000;\">Con Actuador Simple o Doble Efecto.<\/span><\/li>\n<li style=\"color: #f7ab00;\"><span style=\"color: #000000;\">Desde 1\/2&#8243; hasta 2&#8243;.<\/span><\/li>\n<li style=\"color: #f7ab00;\"><span style=\"color: #000000;\">Cuerpo en de la v\u00e1lvula en Acero Inoxidable S316.<\/span><\/li>\n<\/ul>\n<p>(Cuerpo Met\u00e1lico Completo Bajo Pedido).<\/p>\n","protected":false},"excerpt":{"rendered":"<p>V\u00e1lvula Angular de Pist\u00f3n<\/p>\n","protected":false},"featured_media":195,"comment_status":"closed","ping_status":"closed","template":"","meta":[],"product_brand":[],"product_cat":[25],"product_tag":[],"class_list":{"0":"post-215","1":"product","2":"type-product","3":"status-publish","4":"has-post-thumbnail","6":"product_cat-valvulas-solenoide-multiuso","8":"first","9":"instock","10":"shipping-taxable","11":"product-type-simple"},"jetpack_sharing_enabled":true,"_links":{"self":[{"href":"https:\/\/emcvenezuela.com\/index.php\/wp-json\/wp\/v2\/product\/215","targetHints":{"allow":["GET"]}}],"collection":[{"href":"https:\/\/emcvenezuela.com\/index.php\/wp-json\/wp\/v2\/product"}],"about":[{"href":"https:\/\/emcvenezuela.com\/index.php\/wp-json\/wp\/v2\/types\/product"}],"replies":[{"embeddable":true,"href":"https:\/\/emcvenezuela.com\/index.php\/wp-json\/wp\/v2\/comments?post=215"}],"wp:featuredmedia":[{"embeddable":true,"href":"https:\/\/emcvenezuela.com\/index.php\/wp-json\/wp\/v2\/media\/195"}],"wp:attachment":[{"href":"https:\/\/emcvenezuela.com\/index.php\/wp-json\/wp\/v2\/media?parent=215"}],"wp:term":[{"taxonomy":"product_brand","embeddable":true,"href":"https:\/\/emcvenezuela.com\/index.php\/wp-json\/wp\/v2\/product_brand?post=215"},{"taxonomy":"product_cat","embeddable":true,"href":"https:\/\/emcvenezuela.com\/index.php\/wp-json\/wp\/v2\/product_cat?post=215"},{"taxonomy":"product_tag","embeddable":true,"href":"https:\/\/emcvenezuela.com\/index.php\/wp-json\/wp\/v2\/product_tag?post=215"}],"curies":[{"name":"wp","href":"https:\/\/api.w.org\/{rel}","templated":true}]}}