{"id":212,"date":"2024-05-30T22:00:14","date_gmt":"2024-05-30T20:00:14","guid":{"rendered":"https:\/\/emcvenezuela.com\/?post_type=product&#038;p=212"},"modified":"2024-06-05T22:53:51","modified_gmt":"2024-06-05T20:53:51","slug":"electrovalvula-serie-v52","status":"publish","type":"product","link":"https:\/\/emcvenezuela.com\/index.php\/product\/electrovalvula-serie-v52\/","title":{"rendered":"Electrov\u00e1lvula Serie V52"},"content":{"rendered":"<p>V\u00e1lvula solenoide direccional de 5\/2 v\u00edas serie V52. El tama\u00f1o del puerto var\u00eda de 1\/8&#8243; a 1\/2&#8243;.<\/p>\n<p>La armadura din\u00e1mica\/est\u00e1tica est\u00e1 hecha de acero inoxidable y el cuerpo de la v\u00e1lvula utiliza una fuerte aleaci\u00f3n de aluminio, lo que garantiza una r\u00e1pida magnetizaci\u00f3n y desmagnetizaci\u00f3n, \u00e1gil respuesta y una rosca limpia y r\u00edgida.<\/p>\n<p>La varilla de aleaci\u00f3n de aluminio para el material del carrete, junto a un mecanizado CNC de alta precisi\u00f3n y un recubrimiento integral de la bobina mediante BMC termoendurecible, aseguran una temperatura de trabajo baja, protecci\u00f3n IP65 y una vida \u00fatil m\u00e1s prolongada a las v\u00e1lvulas direccionales E\u00b7MC Pneumatic.<\/p>\n","protected":false},"excerpt":{"rendered":"<p>V\u00e1lvula solenoide direccional de 5\/2 v\u00edas serie V52. El tama\u00f1o del puerto var\u00eda de 1\/8&#8243; a 1\/2&#8243;.<\/p>\n<p>La armadura din\u00e1mica\/est\u00e1tica est\u00e1 hecha de acero inoxidable y el cuerpo de la v\u00e1lvula utiliza una fuerte aleaci\u00f3n de aluminio, lo que garantiza una r\u00e1pida magnetizaci\u00f3n y desmagnetizaci\u00f3n, \u00e1gil respuesta y una rosca limpia y r\u00edgida.<\/p>\n","protected":false},"featured_media":186,"comment_status":"closed","ping_status":"closed","template":"","meta":[],"product_brand":[],"product_cat":[24],"product_tag":[],"class_list":{"0":"post-212","1":"product","2":"type-product","3":"status-publish","4":"has-post-thumbnail","6":"product_cat-valvulas-direccionales","8":"first","9":"instock","10":"shipping-taxable","11":"product-type-simple"},"jetpack_sharing_enabled":true,"_links":{"self":[{"href":"https:\/\/emcvenezuela.com\/index.php\/wp-json\/wp\/v2\/product\/212","targetHints":{"allow":["GET"]}}],"collection":[{"href":"https:\/\/emcvenezuela.com\/index.php\/wp-json\/wp\/v2\/product"}],"about":[{"href":"https:\/\/emcvenezuela.com\/index.php\/wp-json\/wp\/v2\/types\/product"}],"replies":[{"embeddable":true,"href":"https:\/\/emcvenezuela.com\/index.php\/wp-json\/wp\/v2\/comments?post=212"}],"wp:featuredmedia":[{"embeddable":true,"href":"https:\/\/emcvenezuela.com\/index.php\/wp-json\/wp\/v2\/media\/186"}],"wp:attachment":[{"href":"https:\/\/emcvenezuela.com\/index.php\/wp-json\/wp\/v2\/media?parent=212"}],"wp:term":[{"taxonomy":"product_brand","embeddable":true,"href":"https:\/\/emcvenezuela.com\/index.php\/wp-json\/wp\/v2\/product_brand?post=212"},{"taxonomy":"product_cat","embeddable":true,"href":"https:\/\/emcvenezuela.com\/index.php\/wp-json\/wp\/v2\/product_cat?post=212"},{"taxonomy":"product_tag","embeddable":true,"href":"https:\/\/emcvenezuela.com\/index.php\/wp-json\/wp\/v2\/product_tag?post=212"}],"curies":[{"name":"wp","href":"https:\/\/api.w.org\/{rel}","templated":true}]}}