{"id":211,"date":"2024-05-30T21:58:48","date_gmt":"2024-05-30T19:58:48","guid":{"rendered":"https:\/\/emcvenezuela.com\/?post_type=product&#038;p=211"},"modified":"2024-06-05T22:51:51","modified_gmt":"2024-06-05T20:51:51","slug":"valvula-mecanica-serie-h","status":"publish","type":"product","link":"https:\/\/emcvenezuela.com\/index.php\/product\/valvula-mecanica-serie-h\/","title":{"rendered":"V\u00e1lvula Mec\u00e1nica Serie H"},"content":{"rendered":"<p>V\u00e1lvula Mec\u00e1nica de Accionamiento Manual en 1\/8&#8243; 1\/4&#8243; 3\/8&#8243; y 1\/2&#8243;.<\/p>\n<ul>\n<li style=\"color: #f7ab00;\"><span style=\"color: #000000;\">5\/2 Reposici\u00f3n con o sin Resorte.<\/span><\/li>\n<li style=\"color: #f7ab00;\"><span style=\"color: #000000;\">5\/3 Centro Cerrado.<\/span><\/li>\n<\/ul>\n","protected":false},"excerpt":{"rendered":"<p>V\u00e1lvula Mec\u00e1nica de Accionamiento Manual en 1\/8&#8243; 1\/4&#8243; 3\/8&#8243; y 1\/2&#8243;.<\/p>\n","protected":false},"featured_media":180,"comment_status":"closed","ping_status":"closed","template":"","meta":[],"product_brand":[],"product_cat":[24],"product_tag":[],"class_list":{"0":"post-211","1":"product","2":"type-product","3":"status-publish","4":"has-post-thumbnail","6":"product_cat-valvulas-direccionales","8":"first","9":"instock","10":"shipping-taxable","11":"product-type-simple"},"jetpack_sharing_enabled":true,"_links":{"self":[{"href":"https:\/\/emcvenezuela.com\/index.php\/wp-json\/wp\/v2\/product\/211","targetHints":{"allow":["GET"]}}],"collection":[{"href":"https:\/\/emcvenezuela.com\/index.php\/wp-json\/wp\/v2\/product"}],"about":[{"href":"https:\/\/emcvenezuela.com\/index.php\/wp-json\/wp\/v2\/types\/product"}],"replies":[{"embeddable":true,"href":"https:\/\/emcvenezuela.com\/index.php\/wp-json\/wp\/v2\/comments?post=211"}],"wp:featuredmedia":[{"embeddable":true,"href":"https:\/\/emcvenezuela.com\/index.php\/wp-json\/wp\/v2\/media\/180"}],"wp:attachment":[{"href":"https:\/\/emcvenezuela.com\/index.php\/wp-json\/wp\/v2\/media?parent=211"}],"wp:term":[{"taxonomy":"product_brand","embeddable":true,"href":"https:\/\/emcvenezuela.com\/index.php\/wp-json\/wp\/v2\/product_brand?post=211"},{"taxonomy":"product_cat","embeddable":true,"href":"https:\/\/emcvenezuela.com\/index.php\/wp-json\/wp\/v2\/product_cat?post=211"},{"taxonomy":"product_tag","embeddable":true,"href":"https:\/\/emcvenezuela.com\/index.php\/wp-json\/wp\/v2\/product_tag?post=211"}],"curies":[{"name":"wp","href":"https:\/\/api.w.org\/{rel}","templated":true}]}}